{"id":4522,"date":"2025-03-25T03:34:13","date_gmt":"2025-03-25T03:34:13","guid":{"rendered":"https:\/\/www.hosenhk.com\/?post_type=product&#038;p=4522"},"modified":"2025-03-25T03:34:14","modified_gmt":"2025-03-25T03:34:14","slug":"water-based-animal-marking-spray-2","status":"publish","type":"product","link":"https:\/\/www.hosenhk.com\/fr\/water-based-animal-marking-spray-2\/","title":{"rendered":"Spray \u00e0 base d'eau pour le marquage des animaux"},"content":{"rendered":"<p>Utilis\u00e9 sur le corps des animaux pour le marquage des couleurs.<img fetchpriority=\"high\" decoding=\"async\" class=\"alignnone size-full wp-image-4523 aligncenter\" src=\"https:\/\/www.hosenhk.com\/wp-content\/uploads\/2025\/03\/Water-based-animal-marking-spray-11.jpg\" alt=\"\" width=\"750\" height=\"1215\" srcset=\"https:\/\/www.hosenhk.com\/wp-content\/uploads\/2025\/03\/Water-based-animal-marking-spray-11.jpg 750w, https:\/\/www.hosenhk.com\/wp-content\/uploads\/2025\/03\/Water-based-animal-marking-spray-11-600x972.jpg 600w, https:\/\/www.hosenhk.com\/wp-content\/uploads\/2025\/03\/Water-based-animal-marking-spray-11-185x300.jpg 185w, https:\/\/www.hosenhk.com\/wp-content\/uploads\/2025\/03\/Water-based-animal-marking-spray-11-632x1024.jpg 632w, https:\/\/www.hosenhk.com\/wp-content\/uploads\/2025\/03\/Water-based-animal-marking-spray-11-7x12.jpg 7w\" sizes=\"(max-width: 750px) 100vw, 750px\" \/> <img decoding=\"async\" class=\"alignnone size-full wp-image-4524 aligncenter\" src=\"https:\/\/www.hosenhk.com\/wp-content\/uploads\/2025\/03\/Water-based-animal-marking-spray-12.jpg\" alt=\"\" width=\"750\" height=\"1049\" srcset=\"https:\/\/www.hosenhk.com\/wp-content\/uploads\/2025\/03\/Water-based-animal-marking-spray-12.jpg 750w, https:\/\/www.hosenhk.com\/wp-content\/uploads\/2025\/03\/Water-based-animal-marking-spray-12-600x839.jpg 600w, https:\/\/www.hosenhk.com\/wp-content\/uploads\/2025\/03\/Water-based-animal-marking-spray-12-214x300.jpg 214w, https:\/\/www.hosenhk.com\/wp-content\/uploads\/2025\/03\/Water-based-animal-marking-spray-12-732x1024.jpg 732w, https:\/\/www.hosenhk.com\/wp-content\/uploads\/2025\/03\/Water-based-animal-marking-spray-12-9x12.jpg 9w\" sizes=\"(max-width: 750px) 100vw, 750px\" \/> <img decoding=\"async\" class=\"alignnone size-full wp-image-4525 aligncenter\" src=\"https:\/\/www.hosenhk.com\/wp-content\/uploads\/2025\/03\/Water-based-animal-marking-spray-13.jpg\" alt=\"\" width=\"750\" height=\"1361\" srcset=\"https:\/\/www.hosenhk.com\/wp-content\/uploads\/2025\/03\/Water-based-animal-marking-spray-13.jpg 750w, https:\/\/www.hosenhk.com\/wp-content\/uploads\/2025\/03\/Water-based-animal-marking-spray-13-600x1089.jpg 600w, https:\/\/www.hosenhk.com\/wp-content\/uploads\/2025\/03\/Water-based-animal-marking-spray-13-165x300.jpg 165w, https:\/\/www.hosenhk.com\/wp-content\/uploads\/2025\/03\/Water-based-animal-marking-spray-13-564x1024.jpg 564w, https:\/\/www.hosenhk.com\/wp-content\/uploads\/2025\/03\/Water-based-animal-marking-spray-13-7x12.jpg 7w\" sizes=\"(max-width: 750px) 100vw, 750px\" \/> <img loading=\"lazy\" decoding=\"async\" class=\"alignnone size-full wp-image-4526 aligncenter\" src=\"https:\/\/www.hosenhk.com\/wp-content\/uploads\/2025\/03\/Water-based-animal-marking-spray-14.jpg\" alt=\"\" width=\"750\" height=\"1657\" srcset=\"https:\/\/www.hosenhk.com\/wp-content\/uploads\/2025\/03\/Water-based-animal-marking-spray-14.jpg 750w, https:\/\/www.hosenhk.com\/wp-content\/uploads\/2025\/03\/Water-based-animal-marking-spray-14-600x1326.jpg 600w, https:\/\/www.hosenhk.com\/wp-content\/uploads\/2025\/03\/Water-based-animal-marking-spray-14-136x300.jpg 136w, https:\/\/www.hosenhk.com\/wp-content\/uploads\/2025\/03\/Water-based-animal-marking-spray-14-463x1024.jpg 463w, https:\/\/www.hosenhk.com\/wp-content\/uploads\/2025\/03\/Water-based-animal-marking-spray-14-695x1536.jpg 695w, https:\/\/www.hosenhk.com\/wp-content\/uploads\/2025\/03\/Water-based-animal-marking-spray-14-5x12.jpg 5w\" sizes=\"(max-width: 750px) 100vw, 750px\" \/><\/p>","protected":false},"excerpt":{"rendered":"<p>Colorant de qualit\u00e9 alimentaire, \u00e0 base d'eau, respectueux de l'environnement ;<br \/>\nOdeur douce, r\u00e9sistant \u00e0 l'eau, coloration longue dur\u00e9e ;<br \/>\nNe contient pas de m\u00e9taux nocifs ; ne nuit pas aux poils d'animaux ;<br \/>\nA water bsed animal color marking spray paint<\/p>","protected":false},"featured_media":4528,"template":"","meta":{"_uag_custom_page_level_css":"","site-sidebar-layout":"default","site-content-layout":"","ast-site-content-layout":"default","site-content-style":"default","site-sidebar-style":"default","ast-global-header-display":"","ast-banner-title-visibility":"","ast-main-header-display":"","ast-hfb-above-header-display":"","ast-hfb-below-header-display":"","ast-hfb-mobile-header-display":"","site-post-title":"","ast-breadcrumbs-content":"","ast-featured-img":"","footer-sml-layout":"","ast-disable-related-posts":"","theme-transparent-header-meta":"default","adv-header-id-meta":"","stick-header-meta":"","header-above-stick-meta":"","header-main-stick-meta":"","header-below-stick-meta":"","astra-migrate-meta-layouts":"set","ast-page-background-enabled":"default","ast-page-background-meta":{"desktop":{"background-color":"","background-image":"","background-repeat":"repeat","background-position":"center center","background-size":"auto","background-attachment":"scroll","background-type":"","background-media":"","overlay-type":"","overlay-color":"","overlay-opacity":"","overlay-gradient":""},"tablet":{"background-color":"","background-image":"","background-repeat":"repeat","background-position":"center center","background-size":"auto","background-attachment":"scroll","background-type":"","background-media":"","overlay-type":"","overlay-color":"","overlay-opacity":"","overlay-gradient":""},"mobile":{"background-color":"","background-image":"","background-repeat":"repeat","background-position":"center center","background-size":"auto","background-attachment":"scroll","background-type":"","background-media":"","overlay-type":"","overlay-color":"","overlay-opacity":"","overlay-gradient":""}},"ast-content-background-meta":{"desktop":{"background-color":"var(--ast-global-color-5)","background-image":"","background-repeat":"repeat","background-position":"center center","background-size":"auto","background-attachment":"scroll","background-type":"","background-media":"","overlay-type":"","overlay-color":"","overlay-opacity":"","overlay-gradient":""},"tablet":{"background-color":"var(--ast-global-color-5)","background-image":"","background-repeat":"repeat","background-position":"center center","background-size":"auto","background-attachment":"scroll","background-type":"","background-media":"","overlay-type":"","overlay-color":"","overlay-opacity":"","overlay-gradient":""},"mobile":{"background-color":"var(--ast-global-color-5)","background-image":"","background-repeat":"repeat","background-position":"center center","background-size":"auto","background-attachment":"scroll","background-type":"","background-media":"","overlay-type":"","overlay-color":"","overlay-opacity":"","overlay-gradient":""}}},"product_brand":[75],"product_cat":[25],"product_tag":[],"class_list":{"0":"post-4522","1":"product","2":"type-product","3":"status-publish","4":"has-post-thumbnail","6":"product_brand-hosen","7":"product_cat-animal-marking-spray","8":"pa_colour-redgreen-blue-black","9":"pa_net-weight-310g","10":"pa_speciffcation-500mlx24-cans-box","11":"desktop-align-left","12":"tablet-align-left","13":"mobile-align-left","14":"ast-product-gallery-layout-vertical-slider","15":"ast-magnify-disabled","16":"ast-product-tabs-layout-horizontal","18":"first","19":"instock","20":"shipping-taxable","21":"product-type-simple"},"spectra_custom_meta":{"_uabb_version":["1.36.2"],"_edit_lock":["1742873561:6"],"_edit_last":["6"],"total_sales":["0"],"_tax_status":["taxable"],"_tax_class":[""],"_manage_stock":["no"],"_backorders":["no"],"_sold_individually":["no"],"_virtual":["no"],"_downloadable":["no"],"_download_limit":["-1"],"_download_expiry":["-1"],"_stock":[null],"_stock_status":["instock"],"_wc_average_rating":["0"],"_wc_review_count":["0"],"_product_attributes":["a:4:{s:16:\"pa_speciffcation\";a:6:{s:4:\"name\";s:16:\"pa_speciffcation\";s:5:\"value\";s:0:\"\";s:8:\"position\";i:0;s:10:\"is_visible\";i:1;s:12:\"is_variation\";i:0;s:11:\"is_taxonomy\";i:1;}s:13:\"pa_net-weight\";a:6:{s:4:\"name\";s:13:\"pa_net-weight\";s:5:\"value\";s:0:\"\";s:8:\"position\";i:1;s:10:\"is_visible\";i:1;s:12:\"is_variation\";i:0;s:11:\"is_taxonomy\";i:1;}s:16:\"pa_coloring-time\";a:6:{s:4:\"name\";s:16:\"pa_coloring-time\";s:5:\"value\";s:0:\"\";s:8:\"position\";i:2;s:10:\"is_visible\";i:1;s:12:\"is_variation\";i:0;s:11:\"is_taxonomy\";i:1;}s:9:\"pa_colour\";a:6:{s:4:\"name\";s:9:\"pa_colour\";s:5:\"value\";s:0:\"\";s:8:\"position\";i:3;s:10:\"is_visible\";i:1;s:12:\"is_variation\";i:0;s:11:\"is_taxonomy\";i:1;}}"],"_product_version":["9.7.1"],"_thumbnail_id":["4528"],"cartflows_redirect_flow_id":[""],"cartflows_add_to_cart_text":[""],"_product_image_gallery":["4529,4530,4531,4532"],"site-sidebar-layout":["default"],"ast-site-content-layout":["default"],"site-content-style":["default"],"site-sidebar-style":["default"],"theme-transparent-header-meta":["default"],"astra-migrate-meta-layouts":["set"],"_uag_css_file_name":["uag-css-4522.css"],"_elementor_page_assets":["a:0:{}"],"_uag_page_assets":["a:9:{s:3:\"css\";s:260:\".uag-blocks-common-selector{z-index:var(--z-index-desktop) !important}@media(max-width: 976px){.uag-blocks-common-selector{z-index:var(--z-index-tablet) !important}}@media(max-width: 767px){.uag-blocks-common-selector{z-index:var(--z-index-mobile) !important}}\";s:2:\"js\";s:0:\"\";s:18:\"current_block_list\";a:7:{i:0;s:11:\"core\/search\";i:1;s:10:\"core\/group\";i:2;s:12:\"core\/heading\";i:3;s:17:\"core\/latest-posts\";i:4;s:20:\"core\/latest-comments\";i:5;s:13:\"core\/archives\";i:6;s:15:\"core\/categories\";}s:8:\"uag_flag\";b:0;s:11:\"uag_version\";s:10:\"1779000255\";s:6:\"gfonts\";a:0:{}s:10:\"gfonts_url\";s:0:\"\";s:12:\"gfonts_files\";a:0:{}s:14:\"uag_faq_layout\";b:0;}"]},"uagb_featured_image_src":{"full":["https:\/\/www.hosenhk.com\/wp-content\/uploads\/2025\/03\/Water-based-animal-marking-spray-1.png",800,800,false],"thumbnail":["https:\/\/www.hosenhk.com\/wp-content\/uploads\/2025\/03\/Water-based-animal-marking-spray-1-150x150.png",150,150,true],"medium":["https:\/\/www.hosenhk.com\/wp-content\/uploads\/2025\/03\/Water-based-animal-marking-spray-1-300x300.png",300,300,true],"medium_large":["https:\/\/www.hosenhk.com\/wp-content\/uploads\/2025\/03\/Water-based-animal-marking-spray-1-768x768.png",768,768,true],"large":["https:\/\/www.hosenhk.com\/wp-content\/uploads\/2025\/03\/Water-based-animal-marking-spray-1.png",800,800,false],"1536x1536":["https:\/\/www.hosenhk.com\/wp-content\/uploads\/2025\/03\/Water-based-animal-marking-spray-1.png",800,800,false],"2048x2048":["https:\/\/www.hosenhk.com\/wp-content\/uploads\/2025\/03\/Water-based-animal-marking-spray-1.png",800,800,false],"trp-custom-language-flag":["https:\/\/www.hosenhk.com\/wp-content\/uploads\/2025\/03\/Water-based-animal-marking-spray-1-12x12.png",12,12,true],"woocommerce_thumbnail":["https:\/\/www.hosenhk.com\/wp-content\/uploads\/2025\/03\/Water-based-animal-marking-spray-1-600x600.png",600,600,true],"woocommerce_single":["https:\/\/www.hosenhk.com\/wp-content\/uploads\/2025\/03\/Water-based-animal-marking-spray-1-600x600.png",600,600,true],"woocommerce_gallery_thumbnail":["https:\/\/www.hosenhk.com\/wp-content\/uploads\/2025\/03\/Water-based-animal-marking-spray-1-100x100.png",100,100,true]},"uagb_author_info":{"display_name":"hosenashleyli","author_link":"https:\/\/www.hosenhk.com\/fr\/author\/"},"uagb_comment_info":0,"uagb_excerpt":"Food grade coloring material, water based, environmentallty friendly; Mild odor, water resistant, long lasting coloring; No containing harmful metals; No harm to animal hairs; A water bsed animal color marking spray paint","_links":{"self":[{"href":"https:\/\/www.hosenhk.com\/fr\/wp-json\/wp\/v2\/product\/4522","targetHints":{"allow":["GET"]}}],"collection":[{"href":"https:\/\/www.hosenhk.com\/fr\/wp-json\/wp\/v2\/product"}],"about":[{"href":"https:\/\/www.hosenhk.com\/fr\/wp-json\/wp\/v2\/types\/product"}],"wp:featuredmedia":[{"embeddable":true,"href":"https:\/\/www.hosenhk.com\/fr\/wp-json\/wp\/v2\/media\/4528"}],"wp:attachment":[{"href":"https:\/\/www.hosenhk.com\/fr\/wp-json\/wp\/v2\/media?parent=4522"}],"wp:term":[{"taxonomy":"product_brand","embeddable":true,"href":"https:\/\/www.hosenhk.com\/fr\/wp-json\/wp\/v2\/product_brand?post=4522"},{"taxonomy":"product_cat","embeddable":true,"href":"https:\/\/www.hosenhk.com\/fr\/wp-json\/wp\/v2\/product_cat?post=4522"},{"taxonomy":"product_tag","embeddable":true,"href":"https:\/\/www.hosenhk.com\/fr\/wp-json\/wp\/v2\/product_tag?post=4522"}],"curies":[{"name":"wp","href":"https:\/\/api.w.org\/{rel}","templated":true}]}}