{"id":3918,"date":"2025-03-19T09:00:54","date_gmt":"2025-03-19T09:00:54","guid":{"rendered":"https:\/\/www.hosenhk.com\/?post_type=product&#038;p=3918"},"modified":"2025-03-19T09:36:58","modified_gmt":"2025-03-19T09:36:58","slug":"silver-rich-zinc-2-5kg-drum","status":"publish","type":"product","link":"https:\/\/www.hosenhk.com\/fr\/silver-rich-zinc-2-5kg-drum\/","title":{"rendered":"Silver-rich zinc (2.5kg\/drum)"},"content":{"rendered":"<p>Used as primer on steel substrates for anti-corrosion.<img fetchpriority=\"high\" decoding=\"async\" class=\"alignnone size-full wp-image-3919 aligncenter\" src=\"https:\/\/www.hosenhk.com\/wp-content\/uploads\/2025\/03\/Silver-rich-zinc-2.5kg-per-drum-11.jpg\" alt=\"\" width=\"790\" height=\"1652\" srcset=\"https:\/\/www.hosenhk.com\/wp-content\/uploads\/2025\/03\/Silver-rich-zinc-2.5kg-per-drum-11.jpg 790w, https:\/\/www.hosenhk.com\/wp-content\/uploads\/2025\/03\/Silver-rich-zinc-2.5kg-per-drum-11-600x1255.jpg 600w, https:\/\/www.hosenhk.com\/wp-content\/uploads\/2025\/03\/Silver-rich-zinc-2.5kg-per-drum-11-143x300.jpg 143w, https:\/\/www.hosenhk.com\/wp-content\/uploads\/2025\/03\/Silver-rich-zinc-2.5kg-per-drum-11-490x1024.jpg 490w, https:\/\/www.hosenhk.com\/wp-content\/uploads\/2025\/03\/Silver-rich-zinc-2.5kg-per-drum-11-768x1606.jpg 768w, https:\/\/www.hosenhk.com\/wp-content\/uploads\/2025\/03\/Silver-rich-zinc-2.5kg-per-drum-11-735x1536.jpg 735w, https:\/\/www.hosenhk.com\/wp-content\/uploads\/2025\/03\/Silver-rich-zinc-2.5kg-per-drum-11-6x12.jpg 6w\" sizes=\"(max-width: 790px) 100vw, 790px\" \/> <img decoding=\"async\" class=\"alignnone size-full wp-image-3920 aligncenter\" src=\"https:\/\/www.hosenhk.com\/wp-content\/uploads\/2025\/03\/Silver-rich-zinc-2.5kg-per-drum-12.jpg\" alt=\"\" width=\"790\" height=\"1262\" srcset=\"https:\/\/www.hosenhk.com\/wp-content\/uploads\/2025\/03\/Silver-rich-zinc-2.5kg-per-drum-12.jpg 790w, https:\/\/www.hosenhk.com\/wp-content\/uploads\/2025\/03\/Silver-rich-zinc-2.5kg-per-drum-12-600x958.jpg 600w, https:\/\/www.hosenhk.com\/wp-content\/uploads\/2025\/03\/Silver-rich-zinc-2.5kg-per-drum-12-188x300.jpg 188w, https:\/\/www.hosenhk.com\/wp-content\/uploads\/2025\/03\/Silver-rich-zinc-2.5kg-per-drum-12-641x1024.jpg 641w, https:\/\/www.hosenhk.com\/wp-content\/uploads\/2025\/03\/Silver-rich-zinc-2.5kg-per-drum-12-768x1227.jpg 768w, https:\/\/www.hosenhk.com\/wp-content\/uploads\/2025\/03\/Silver-rich-zinc-2.5kg-per-drum-12-8x12.jpg 8w\" sizes=\"(max-width: 790px) 100vw, 790px\" \/> <img decoding=\"async\" class=\"alignnone size-full wp-image-3921 aligncenter\" src=\"https:\/\/www.hosenhk.com\/wp-content\/uploads\/2025\/03\/Silver-rich-zinc-2.5kg-per-drum-13.jpg\" alt=\"\" width=\"790\" height=\"2433\" srcset=\"https:\/\/www.hosenhk.com\/wp-content\/uploads\/2025\/03\/Silver-rich-zinc-2.5kg-per-drum-13.jpg 790w, https:\/\/www.hosenhk.com\/wp-content\/uploads\/2025\/03\/Silver-rich-zinc-2.5kg-per-drum-13-600x1848.jpg 600w, https:\/\/www.hosenhk.com\/wp-content\/uploads\/2025\/03\/Silver-rich-zinc-2.5kg-per-drum-13-97x300.jpg 97w, https:\/\/www.hosenhk.com\/wp-content\/uploads\/2025\/03\/Silver-rich-zinc-2.5kg-per-drum-13-768x2365.jpg 768w, https:\/\/www.hosenhk.com\/wp-content\/uploads\/2025\/03\/Silver-rich-zinc-2.5kg-per-drum-13-499x1536.jpg 499w, https:\/\/www.hosenhk.com\/wp-content\/uploads\/2025\/03\/Silver-rich-zinc-2.5kg-per-drum-13-665x2048.jpg 665w, https:\/\/www.hosenhk.com\/wp-content\/uploads\/2025\/03\/Silver-rich-zinc-2.5kg-per-drum-13-4x12.jpg 4w\" sizes=\"(max-width: 790px) 100vw, 790px\" \/><\/p>","protected":false},"excerpt":{"rendered":"<p>Formulated with high-purity zinc power and aluminum power, zinc content in dry film\u226783%, excellent rust preventing effect;<br \/>\nProtection de la surface de l'acier gr\u00e2ce \u00e0 la double fonction de protection cathodique et de protection de la barri\u00e8re ;<br \/>\nProtection cathodique efficace contre la corrosion ;<br \/>\nNe contient pas de m\u00e9taux lourds ;<br \/>\nBonne adh\u00e9rence aux substrats en acier ;<br \/>\nRespectueux de l'environnement et \u00e0 faible odeur.<\/p>","protected":false},"featured_media":3922,"template":"","meta":{"_uag_custom_page_level_css":"","site-sidebar-layout":"default","site-content-layout":"","ast-site-content-layout":"default","site-content-style":"default","site-sidebar-style":"default","ast-global-header-display":"","ast-banner-title-visibility":"","ast-main-header-display":"","ast-hfb-above-header-display":"","ast-hfb-below-header-display":"","ast-hfb-mobile-header-display":"","site-post-title":"","ast-breadcrumbs-content":"","ast-featured-img":"","footer-sml-layout":"","theme-transparent-header-meta":"default","adv-header-id-meta":"","stick-header-meta":"","header-above-stick-meta":"","header-main-stick-meta":"","header-below-stick-meta":"","astra-migrate-meta-layouts":"set","ast-page-background-enabled":"default","ast-page-background-meta":{"desktop":{"background-color":"","background-image":"","background-repeat":"repeat","background-position":"center center","background-size":"auto","background-attachment":"scroll","background-type":"","background-media":"","overlay-type":"","overlay-color":"","overlay-opacity":"","overlay-gradient":""},"tablet":{"background-color":"","background-image":"","background-repeat":"repeat","background-position":"center center","background-size":"auto","background-attachment":"scroll","background-type":"","background-media":"","overlay-type":"","overlay-color":"","overlay-opacity":"","overlay-gradient":""},"mobile":{"background-color":"","background-image":"","background-repeat":"repeat","background-position":"center center","background-size":"auto","background-attachment":"scroll","background-type":"","background-media":"","overlay-type":"","overlay-color":"","overlay-opacity":"","overlay-gradient":""}},"ast-content-background-meta":{"desktop":{"background-color":"var(--ast-global-color-5)","background-image":"","background-repeat":"repeat","background-position":"center center","background-size":"auto","background-attachment":"scroll","background-type":"","background-media":"","overlay-type":"","overlay-color":"","overlay-opacity":"","overlay-gradient":""},"tablet":{"background-color":"var(--ast-global-color-5)","background-image":"","background-repeat":"repeat","background-position":"center center","background-size":"auto","background-attachment":"scroll","background-type":"","background-media":"","overlay-type":"","overlay-color":"","overlay-opacity":"","overlay-gradient":""},"mobile":{"background-color":"var(--ast-global-color-5)","background-image":"","background-repeat":"repeat","background-position":"center center","background-size":"auto","background-attachment":"scroll","background-type":"","background-media":"","overlay-type":"","overlay-color":"","overlay-opacity":"","overlay-gradient":""}}},"product_brand":[75],"product_cat":[24],"product_tag":[79],"class_list":{"0":"post-3918","1":"product","2":"type-product","3":"status-publish","4":"has-post-thumbnail","6":"product_brand-hosen","7":"product_cat-galvanized-coating-series","8":"product_tag-hsz0052","9":"pa_colour-silver-grey","10":"pa_net-weight-1-5kg","11":"pa_speciffcation-1-5kgx4-drum","12":"pa_zinc-content-83-in-drying-film","13":"desktop-align-left","14":"tablet-align-left","15":"mobile-align-left","16":"ast-product-gallery-layout-vertical-slider","17":"ast-magnify-disabled","18":"ast-product-tabs-layout-horizontal","20":"first","21":"instock","22":"shipping-taxable","23":"product-type-simple"},"spectra_custom_meta":{"_uabb_version":["1.36.2"],"_edit_lock":["1742376902:6"],"_edit_last":["6"],"total_sales":["0"],"_tax_status":["taxable"],"_tax_class":[""],"_manage_stock":["no"],"_backorders":["no"],"_sold_individually":["no"],"_virtual":["no"],"_downloadable":["no"],"_download_limit":["-1"],"_download_expiry":["-1"],"_stock":[null],"_stock_status":["instock"],"_wc_average_rating":["0"],"_wc_review_count":["0"],"_product_attributes":["a:4:{s:15:\"pa_zinc-content\";a:6:{s:4:\"name\";s:15:\"pa_zinc-content\";s:5:\"value\";s:0:\"\";s:8:\"position\";i:0;s:10:\"is_visible\";i:1;s:12:\"is_variation\";i:0;s:11:\"is_taxonomy\";i:1;}s:13:\"pa_net-weight\";a:6:{s:4:\"name\";s:13:\"pa_net-weight\";s:5:\"value\";s:0:\"\";s:8:\"position\";i:1;s:10:\"is_visible\";i:1;s:12:\"is_variation\";i:0;s:11:\"is_taxonomy\";i:1;}s:9:\"pa_colour\";a:6:{s:4:\"name\";s:9:\"pa_colour\";s:5:\"value\";s:0:\"\";s:8:\"position\";i:2;s:10:\"is_visible\";i:1;s:12:\"is_variation\";i:0;s:11:\"is_taxonomy\";i:1;}s:16:\"pa_speciffcation\";a:6:{s:4:\"name\";s:16:\"pa_speciffcation\";s:5:\"value\";s:0:\"\";s:8:\"position\";i:3;s:10:\"is_visible\";i:1;s:12:\"is_variation\";i:0;s:11:\"is_taxonomy\";i:1;}}"],"_product_version":["9.7.1"],"_thumbnail_id":["3922"],"_product_image_gallery":["3923,3924,3925,3926"],"site-sidebar-layout":["default"],"ast-site-content-layout":["default"],"site-content-style":["default"],"site-sidebar-style":["default"],"theme-transparent-header-meta":["default"],"astra-migrate-meta-layouts":["set"],"_uag_page_assets":["a:9:{s:3:\"css\";s:263:\".uag-blocks-common-selector{z-index:var(--z-index-desktop) !important}@media (max-width: 976px){.uag-blocks-common-selector{z-index:var(--z-index-tablet) !important}}@media (max-width: 767px){.uag-blocks-common-selector{z-index:var(--z-index-mobile) !important}}\n\";s:2:\"js\";s:0:\"\";s:18:\"current_block_list\";a:7:{i:0;s:11:\"core\/search\";i:1;s:10:\"core\/group\";i:2;s:12:\"core\/heading\";i:3;s:17:\"core\/latest-posts\";i:4;s:20:\"core\/latest-comments\";i:5;s:13:\"core\/archives\";i:6;s:15:\"core\/categories\";}s:8:\"uag_flag\";b:0;s:11:\"uag_version\";s:10:\"1775293274\";s:6:\"gfonts\";a:0:{}s:10:\"gfonts_url\";s:0:\"\";s:12:\"gfonts_files\";a:0:{}s:14:\"uag_faq_layout\";b:0;}"],"_elementor_page_assets":["a:0:{}"],"_uag_css_file_name":["uag-css-3918.css"]},"uagb_featured_image_src":{"full":["https:\/\/www.hosenhk.com\/wp-content\/uploads\/2025\/03\/Silver-rich-zinc-2.5kg-per-drum.png",800,800,false],"thumbnail":["https:\/\/www.hosenhk.com\/wp-content\/uploads\/2025\/03\/Silver-rich-zinc-2.5kg-per-drum-150x150.png",150,150,true],"medium":["https:\/\/www.hosenhk.com\/wp-content\/uploads\/2025\/03\/Silver-rich-zinc-2.5kg-per-drum-300x300.png",300,300,true],"medium_large":["https:\/\/www.hosenhk.com\/wp-content\/uploads\/2025\/03\/Silver-rich-zinc-2.5kg-per-drum-768x768.png",768,768,true],"large":["https:\/\/www.hosenhk.com\/wp-content\/uploads\/2025\/03\/Silver-rich-zinc-2.5kg-per-drum.png",800,800,false],"1536x1536":["https:\/\/www.hosenhk.com\/wp-content\/uploads\/2025\/03\/Silver-rich-zinc-2.5kg-per-drum.png",800,800,false],"2048x2048":["https:\/\/www.hosenhk.com\/wp-content\/uploads\/2025\/03\/Silver-rich-zinc-2.5kg-per-drum.png",800,800,false],"trp-custom-language-flag":["https:\/\/www.hosenhk.com\/wp-content\/uploads\/2025\/03\/Silver-rich-zinc-2.5kg-per-drum-12x12.png",12,12,true],"woocommerce_thumbnail":["https:\/\/www.hosenhk.com\/wp-content\/uploads\/2025\/03\/Silver-rich-zinc-2.5kg-per-drum-600x600.png",600,600,true],"woocommerce_single":["https:\/\/www.hosenhk.com\/wp-content\/uploads\/2025\/03\/Silver-rich-zinc-2.5kg-per-drum-600x600.png",600,600,true],"woocommerce_gallery_thumbnail":["https:\/\/www.hosenhk.com\/wp-content\/uploads\/2025\/03\/Silver-rich-zinc-2.5kg-per-drum-100x100.png",100,100,true]},"uagb_author_info":{"display_name":"hosenashleyli","author_link":"https:\/\/www.hosenhk.com\/fr\/author\/"},"uagb_comment_info":0,"uagb_excerpt":"Formulated with high-purity zinc power and aluminum power, zinc content in dry film\u226783%, excellent rust preventing effect; Protecting the steel surface through dual function of cathode protection and barrier protection; Providing cathodic anti-corrosion protection effectively; No containing heavy metals; Good adhesion to steel substrates; Environmentally friendly and mild odor.","_links":{"self":[{"href":"https:\/\/www.hosenhk.com\/fr\/wp-json\/wp\/v2\/product\/3918","targetHints":{"allow":["GET"]}}],"collection":[{"href":"https:\/\/www.hosenhk.com\/fr\/wp-json\/wp\/v2\/product"}],"about":[{"href":"https:\/\/www.hosenhk.com\/fr\/wp-json\/wp\/v2\/types\/product"}],"wp:featuredmedia":[{"embeddable":true,"href":"https:\/\/www.hosenhk.com\/fr\/wp-json\/wp\/v2\/media\/3922"}],"wp:attachment":[{"href":"https:\/\/www.hosenhk.com\/fr\/wp-json\/wp\/v2\/media?parent=3918"}],"wp:term":[{"taxonomy":"product_brand","embeddable":true,"href":"https:\/\/www.hosenhk.com\/fr\/wp-json\/wp\/v2\/product_brand?post=3918"},{"taxonomy":"product_cat","embeddable":true,"href":"https:\/\/www.hosenhk.com\/fr\/wp-json\/wp\/v2\/product_cat?post=3918"},{"taxonomy":"product_tag","embeddable":true,"href":"https:\/\/www.hosenhk.com\/fr\/wp-json\/wp\/v2\/product_tag?post=3918"}],"curies":[{"name":"wp","href":"https:\/\/api.w.org\/{rel}","templated":true}]}}