{"id":3909,"date":"2025-03-19T08:27:34","date_gmt":"2025-03-19T08:27:34","guid":{"rendered":"https:\/\/www.hosenhk.com\/?post_type=product&#038;p=3909"},"modified":"2025-03-19T08:27:34","modified_gmt":"2025-03-19T08:27:34","slug":"silver-rich-zinc-zinc-content-in-dry-film-%e2%89%a783","status":"publish","type":"product","link":"https:\/\/www.hosenhk.com\/fr\/silver-rich-zinc-zinc-content-in-dry-film-%e2%89%a783\/","title":{"rendered":"Silver-rich zinc (zinc content in dry film \u226783%)"},"content":{"rendered":"<p>Used on galvanized layer surface for zinc replenishment and anti-corrosion.<img fetchpriority=\"high\" decoding=\"async\" class=\"alignnone size-full wp-image-3910 aligncenter\" src=\"https:\/\/www.hosenhk.com\/wp-content\/uploads\/2025\/03\/83-Silver-rich-zinc-11.jpg\" alt=\"\" width=\"790\" height=\"1330\" srcset=\"https:\/\/www.hosenhk.com\/wp-content\/uploads\/2025\/03\/83-Silver-rich-zinc-11.jpg 790w, https:\/\/www.hosenhk.com\/wp-content\/uploads\/2025\/03\/83-Silver-rich-zinc-11-600x1010.jpg 600w, https:\/\/www.hosenhk.com\/wp-content\/uploads\/2025\/03\/83-Silver-rich-zinc-11-178x300.jpg 178w, https:\/\/www.hosenhk.com\/wp-content\/uploads\/2025\/03\/83-Silver-rich-zinc-11-608x1024.jpg 608w, https:\/\/www.hosenhk.com\/wp-content\/uploads\/2025\/03\/83-Silver-rich-zinc-11-768x1293.jpg 768w, https:\/\/www.hosenhk.com\/wp-content\/uploads\/2025\/03\/83-Silver-rich-zinc-11-7x12.jpg 7w\" sizes=\"(max-width: 790px) 100vw, 790px\" \/> <img decoding=\"async\" class=\"alignnone size-full wp-image-3911 aligncenter\" src=\"https:\/\/www.hosenhk.com\/wp-content\/uploads\/2025\/03\/83-Silver-rich-zinc-12.jpg\" alt=\"\" width=\"790\" height=\"1052\" srcset=\"https:\/\/www.hosenhk.com\/wp-content\/uploads\/2025\/03\/83-Silver-rich-zinc-12.jpg 790w, https:\/\/www.hosenhk.com\/wp-content\/uploads\/2025\/03\/83-Silver-rich-zinc-12-600x799.jpg 600w, https:\/\/www.hosenhk.com\/wp-content\/uploads\/2025\/03\/83-Silver-rich-zinc-12-225x300.jpg 225w, https:\/\/www.hosenhk.com\/wp-content\/uploads\/2025\/03\/83-Silver-rich-zinc-12-769x1024.jpg 769w, https:\/\/www.hosenhk.com\/wp-content\/uploads\/2025\/03\/83-Silver-rich-zinc-12-768x1023.jpg 768w, https:\/\/www.hosenhk.com\/wp-content\/uploads\/2025\/03\/83-Silver-rich-zinc-12-9x12.jpg 9w\" sizes=\"(max-width: 790px) 100vw, 790px\" \/> <img decoding=\"async\" class=\"alignnone size-full wp-image-3912 aligncenter\" src=\"https:\/\/www.hosenhk.com\/wp-content\/uploads\/2025\/03\/83-Silver-rich-zinc-13.jpg\" alt=\"\" width=\"790\" height=\"1618\" srcset=\"https:\/\/www.hosenhk.com\/wp-content\/uploads\/2025\/03\/83-Silver-rich-zinc-13.jpg 790w, https:\/\/www.hosenhk.com\/wp-content\/uploads\/2025\/03\/83-Silver-rich-zinc-13-600x1229.jpg 600w, https:\/\/www.hosenhk.com\/wp-content\/uploads\/2025\/03\/83-Silver-rich-zinc-13-146x300.jpg 146w, https:\/\/www.hosenhk.com\/wp-content\/uploads\/2025\/03\/83-Silver-rich-zinc-13-500x1024.jpg 500w, https:\/\/www.hosenhk.com\/wp-content\/uploads\/2025\/03\/83-Silver-rich-zinc-13-768x1573.jpg 768w, https:\/\/www.hosenhk.com\/wp-content\/uploads\/2025\/03\/83-Silver-rich-zinc-13-750x1536.jpg 750w, https:\/\/www.hosenhk.com\/wp-content\/uploads\/2025\/03\/83-Silver-rich-zinc-13-6x12.jpg 6w\" sizes=\"(max-width: 790px) 100vw, 790px\" \/><\/p>","protected":false},"excerpt":{"rendered":"<p>Formulated with high-purity zinc and aluminum power;<br \/>\nNe contient pas de m\u00e9taux lourds ;<br \/>\nUtilis\u00e9 comme syst\u00e8me monocouche pour les rev\u00eatements d'appr\u00eat et de finition ;<br \/>\nGood adhesion to galvanized layer and finish coatings;<br \/>\nDrying quickly and strong anti-corrosion performance;<\/p>","protected":false},"featured_media":3913,"template":"","meta":{"_uag_custom_page_level_css":"","site-sidebar-layout":"default","site-content-layout":"","ast-site-content-layout":"default","site-content-style":"default","site-sidebar-style":"default","ast-global-header-display":"","ast-banner-title-visibility":"","ast-main-header-display":"","ast-hfb-above-header-display":"","ast-hfb-below-header-display":"","ast-hfb-mobile-header-display":"","site-post-title":"","ast-breadcrumbs-content":"","ast-featured-img":"","footer-sml-layout":"","theme-transparent-header-meta":"default","adv-header-id-meta":"","stick-header-meta":"","header-above-stick-meta":"","header-main-stick-meta":"","header-below-stick-meta":"","astra-migrate-meta-layouts":"set","ast-page-background-enabled":"default","ast-page-background-meta":{"desktop":{"background-color":"","background-image":"","background-repeat":"repeat","background-position":"center center","background-size":"auto","background-attachment":"scroll","background-type":"","background-media":"","overlay-type":"","overlay-color":"","overlay-opacity":"","overlay-gradient":""},"tablet":{"background-color":"","background-image":"","background-repeat":"repeat","background-position":"center center","background-size":"auto","background-attachment":"scroll","background-type":"","background-media":"","overlay-type":"","overlay-color":"","overlay-opacity":"","overlay-gradient":""},"mobile":{"background-color":"","background-image":"","background-repeat":"repeat","background-position":"center center","background-size":"auto","background-attachment":"scroll","background-type":"","background-media":"","overlay-type":"","overlay-color":"","overlay-opacity":"","overlay-gradient":""}},"ast-content-background-meta":{"desktop":{"background-color":"var(--ast-global-color-5)","background-image":"","background-repeat":"repeat","background-position":"center center","background-size":"auto","background-attachment":"scroll","background-type":"","background-media":"","overlay-type":"","overlay-color":"","overlay-opacity":"","overlay-gradient":""},"tablet":{"background-color":"var(--ast-global-color-5)","background-image":"","background-repeat":"repeat","background-position":"center center","background-size":"auto","background-attachment":"scroll","background-type":"","background-media":"","overlay-type":"","overlay-color":"","overlay-opacity":"","overlay-gradient":""},"mobile":{"background-color":"var(--ast-global-color-5)","background-image":"","background-repeat":"repeat","background-position":"center center","background-size":"auto","background-attachment":"scroll","background-type":"","background-media":"","overlay-type":"","overlay-color":"","overlay-opacity":"","overlay-gradient":""}}},"product_brand":[75],"product_cat":[24],"product_tag":[],"class_list":{"0":"post-3909","1":"product","2":"type-product","3":"status-publish","4":"has-post-thumbnail","6":"product_brand-hosen","7":"product_cat-galvanized-coating-series","8":"pa_colour-silver-grey","9":"pa_net-weight-260g","10":"pa_speciffcation-450mlx12-cans-box","11":"pa_zinc-content-83-in-drying-film","12":"desktop-align-left","13":"tablet-align-left","14":"mobile-align-left","15":"ast-product-gallery-layout-vertical-slider","16":"ast-magnify-disabled","17":"ast-product-tabs-layout-horizontal","19":"first","20":"instock","21":"shipping-taxable","22":"product-type-simple"},"spectra_custom_meta":{"_uabb_version":["1.36.2"],"_edit_lock":["1742372856:6"],"_edit_last":["6"],"total_sales":["0"],"_tax_status":["taxable"],"_tax_class":[""],"_manage_stock":["no"],"_backorders":["no"],"_sold_individually":["no"],"_virtual":["no"],"_downloadable":["no"],"_download_limit":["-1"],"_download_expiry":["-1"],"_stock":[null],"_stock_status":["instock"],"_wc_average_rating":["0"],"_wc_review_count":["0"],"_product_attributes":["a:4:{s:15:\"pa_zinc-content\";a:6:{s:4:\"name\";s:15:\"pa_zinc-content\";s:5:\"value\";s:0:\"\";s:8:\"position\";i:0;s:10:\"is_visible\";i:1;s:12:\"is_variation\";i:0;s:11:\"is_taxonomy\";i:1;}s:9:\"pa_colour\";a:6:{s:4:\"name\";s:9:\"pa_colour\";s:5:\"value\";s:0:\"\";s:8:\"position\";i:1;s:10:\"is_visible\";i:1;s:12:\"is_variation\";i:0;s:11:\"is_taxonomy\";i:1;}s:13:\"pa_net-weight\";a:6:{s:4:\"name\";s:13:\"pa_net-weight\";s:5:\"value\";s:0:\"\";s:8:\"position\";i:2;s:10:\"is_visible\";i:1;s:12:\"is_variation\";i:0;s:11:\"is_taxonomy\";i:1;}s:16:\"pa_speciffcation\";a:6:{s:4:\"name\";s:16:\"pa_speciffcation\";s:5:\"value\";s:0:\"\";s:8:\"position\";i:3;s:10:\"is_visible\";i:1;s:12:\"is_variation\";i:0;s:11:\"is_taxonomy\";i:1;}}"],"_product_version":["9.7.1"],"_thumbnail_id":["3913"],"_product_image_gallery":["3914,3915,3916,3917"],"site-sidebar-layout":["default"],"ast-site-content-layout":["default"],"site-content-style":["default"],"site-sidebar-style":["default"],"theme-transparent-header-meta":["default"],"astra-migrate-meta-layouts":["set"],"_uag_page_assets":["a:9:{s:3:\"css\";s:263:\".uag-blocks-common-selector{z-index:var(--z-index-desktop) !important}@media (max-width: 976px){.uag-blocks-common-selector{z-index:var(--z-index-tablet) !important}}@media (max-width: 767px){.uag-blocks-common-selector{z-index:var(--z-index-mobile) !important}}\n\";s:2:\"js\";s:0:\"\";s:18:\"current_block_list\";a:7:{i:0;s:11:\"core\/search\";i:1;s:10:\"core\/group\";i:2;s:12:\"core\/heading\";i:3;s:17:\"core\/latest-posts\";i:4;s:20:\"core\/latest-comments\";i:5;s:13:\"core\/archives\";i:6;s:15:\"core\/categories\";}s:8:\"uag_flag\";b:0;s:11:\"uag_version\";s:10:\"1775299046\";s:6:\"gfonts\";a:0:{}s:10:\"gfonts_url\";s:0:\"\";s:12:\"gfonts_files\";a:0:{}s:14:\"uag_faq_layout\";b:0;}"],"_elementor_page_assets":["a:0:{}"],"_uag_css_file_name":["uag-css-3909.css"]},"uagb_featured_image_src":{"full":["https:\/\/www.hosenhk.com\/wp-content\/uploads\/2025\/03\/83-Silver-rich-zinc.png",800,800,false],"thumbnail":["https:\/\/www.hosenhk.com\/wp-content\/uploads\/2025\/03\/83-Silver-rich-zinc-150x150.png",150,150,true],"medium":["https:\/\/www.hosenhk.com\/wp-content\/uploads\/2025\/03\/83-Silver-rich-zinc-300x300.png",300,300,true],"medium_large":["https:\/\/www.hosenhk.com\/wp-content\/uploads\/2025\/03\/83-Silver-rich-zinc-768x768.png",768,768,true],"large":["https:\/\/www.hosenhk.com\/wp-content\/uploads\/2025\/03\/83-Silver-rich-zinc.png",800,800,false],"1536x1536":["https:\/\/www.hosenhk.com\/wp-content\/uploads\/2025\/03\/83-Silver-rich-zinc.png",800,800,false],"2048x2048":["https:\/\/www.hosenhk.com\/wp-content\/uploads\/2025\/03\/83-Silver-rich-zinc.png",800,800,false],"trp-custom-language-flag":["https:\/\/www.hosenhk.com\/wp-content\/uploads\/2025\/03\/83-Silver-rich-zinc-12x12.png",12,12,true],"woocommerce_thumbnail":["https:\/\/www.hosenhk.com\/wp-content\/uploads\/2025\/03\/83-Silver-rich-zinc-600x600.png",600,600,true],"woocommerce_single":["https:\/\/www.hosenhk.com\/wp-content\/uploads\/2025\/03\/83-Silver-rich-zinc-600x600.png",600,600,true],"woocommerce_gallery_thumbnail":["https:\/\/www.hosenhk.com\/wp-content\/uploads\/2025\/03\/83-Silver-rich-zinc-100x100.png",100,100,true]},"uagb_author_info":{"display_name":"hosenashleyli","author_link":"https:\/\/www.hosenhk.com\/fr\/author\/"},"uagb_comment_info":0,"uagb_excerpt":"Formulated with high-purity zinc and aluminum power; No containing heavy metals; Used as one-coat system for both primer and finish coatings; Good adhesion to galvanized layer and finish coatings; Drying quickly and strong anti-corrosion performance;","_links":{"self":[{"href":"https:\/\/www.hosenhk.com\/fr\/wp-json\/wp\/v2\/product\/3909","targetHints":{"allow":["GET"]}}],"collection":[{"href":"https:\/\/www.hosenhk.com\/fr\/wp-json\/wp\/v2\/product"}],"about":[{"href":"https:\/\/www.hosenhk.com\/fr\/wp-json\/wp\/v2\/types\/product"}],"wp:featuredmedia":[{"embeddable":true,"href":"https:\/\/www.hosenhk.com\/fr\/wp-json\/wp\/v2\/media\/3913"}],"wp:attachment":[{"href":"https:\/\/www.hosenhk.com\/fr\/wp-json\/wp\/v2\/media?parent=3909"}],"wp:term":[{"taxonomy":"product_brand","embeddable":true,"href":"https:\/\/www.hosenhk.com\/fr\/wp-json\/wp\/v2\/product_brand?post=3909"},{"taxonomy":"product_cat","embeddable":true,"href":"https:\/\/www.hosenhk.com\/fr\/wp-json\/wp\/v2\/product_cat?post=3909"},{"taxonomy":"product_tag","embeddable":true,"href":"https:\/\/www.hosenhk.com\/fr\/wp-json\/wp\/v2\/product_tag?post=3909"}],"curies":[{"name":"wp","href":"https:\/\/api.w.org\/{rel}","templated":true}]}}