{"id":3310,"date":"2025-03-11T13:04:58","date_gmt":"2025-03-11T13:04:58","guid":{"rendered":"https:\/\/www.hosenhk.com\/?post_type=product&#038;p=3310"},"modified":"2025-03-11T13:04:58","modified_gmt":"2025-03-11T13:04:58","slug":"copper-pipe-spray","status":"publish","type":"product","link":"https:\/\/www.hosenhk.com\/fr\/copper-pipe-spray\/","title":{"rendered":"TUYAU DE CUIVRE PULV\u00c9RIS\u00c9"},"content":{"rendered":"<p>TUYAU DE CUIVRE PULV\u00c9RIS\u00c9<br \/>\n<img fetchpriority=\"high\" decoding=\"async\" src=\"https:\/\/www.hosenhk.com\/wp-content\/uploads\/2025\/03\/COPPER-PIPE-SPRAY-2.jpg\" alt=\"\" width=\"750\" height=\"750\" class=\"aligncenter size-full wp-image-3315\" srcset=\"https:\/\/www.hosenhk.com\/wp-content\/uploads\/2025\/03\/COPPER-PIPE-SPRAY-2.jpg 750w, https:\/\/www.hosenhk.com\/wp-content\/uploads\/2025\/03\/COPPER-PIPE-SPRAY-2-600x600.jpg 600w, https:\/\/www.hosenhk.com\/wp-content\/uploads\/2025\/03\/COPPER-PIPE-SPRAY-2-100x100.jpg 100w, https:\/\/www.hosenhk.com\/wp-content\/uploads\/2025\/03\/COPPER-PIPE-SPRAY-2-300x300.jpg 300w, https:\/\/www.hosenhk.com\/wp-content\/uploads\/2025\/03\/COPPER-PIPE-SPRAY-2-150x150.jpg 150w\" sizes=\"(max-width: 750px) 100vw, 750px\" \/><\/p>\n<p><img decoding=\"async\" src=\"https:\/\/www.hosenhk.com\/wp-content\/uploads\/2025\/03\/COPPER-PIPE-SPRAY-5.jpg\" alt=\"\" width=\"750\" height=\"750\" class=\"aligncenter size-full wp-image-3311\" srcset=\"https:\/\/www.hosenhk.com\/wp-content\/uploads\/2025\/03\/COPPER-PIPE-SPRAY-5.jpg 750w, https:\/\/www.hosenhk.com\/wp-content\/uploads\/2025\/03\/COPPER-PIPE-SPRAY-5-600x600.jpg 600w, https:\/\/www.hosenhk.com\/wp-content\/uploads\/2025\/03\/COPPER-PIPE-SPRAY-5-100x100.jpg 100w, https:\/\/www.hosenhk.com\/wp-content\/uploads\/2025\/03\/COPPER-PIPE-SPRAY-5-300x300.jpg 300w, https:\/\/www.hosenhk.com\/wp-content\/uploads\/2025\/03\/COPPER-PIPE-SPRAY-5-150x150.jpg 150w\" sizes=\"(max-width: 750px) 100vw, 750px\" \/><\/p>\n<p><img decoding=\"async\" src=\"https:\/\/www.hosenhk.com\/wp-content\/uploads\/2025\/03\/COPPER-PIPE-SPRAY-3.jpg\" alt=\"\" width=\"750\" height=\"750\" class=\"aligncenter size-full wp-image-3316\" srcset=\"https:\/\/www.hosenhk.com\/wp-content\/uploads\/2025\/03\/COPPER-PIPE-SPRAY-3.jpg 750w, https:\/\/www.hosenhk.com\/wp-content\/uploads\/2025\/03\/COPPER-PIPE-SPRAY-3-600x600.jpg 600w, https:\/\/www.hosenhk.com\/wp-content\/uploads\/2025\/03\/COPPER-PIPE-SPRAY-3-100x100.jpg 100w, https:\/\/www.hosenhk.com\/wp-content\/uploads\/2025\/03\/COPPER-PIPE-SPRAY-3-300x300.jpg 300w, https:\/\/www.hosenhk.com\/wp-content\/uploads\/2025\/03\/COPPER-PIPE-SPRAY-3-150x150.jpg 150w\" sizes=\"(max-width: 750px) 100vw, 750px\" \/><\/p>\n<p><img loading=\"lazy\" decoding=\"async\" src=\"https:\/\/www.hosenhk.com\/wp-content\/uploads\/2025\/03\/COPPER-PIPE-SPRAY-4.jpg\" alt=\"\" width=\"750\" height=\"750\" class=\"aligncenter size-full wp-image-3317\" srcset=\"https:\/\/www.hosenhk.com\/wp-content\/uploads\/2025\/03\/COPPER-PIPE-SPRAY-4.jpg 750w, https:\/\/www.hosenhk.com\/wp-content\/uploads\/2025\/03\/COPPER-PIPE-SPRAY-4-600x600.jpg 600w, https:\/\/www.hosenhk.com\/wp-content\/uploads\/2025\/03\/COPPER-PIPE-SPRAY-4-100x100.jpg 100w, https:\/\/www.hosenhk.com\/wp-content\/uploads\/2025\/03\/COPPER-PIPE-SPRAY-4-300x300.jpg 300w, https:\/\/www.hosenhk.com\/wp-content\/uploads\/2025\/03\/COPPER-PIPE-SPRAY-4-150x150.jpg 150w\" sizes=\"(max-width: 750px) 100vw, 750px\" \/><\/p>","protected":false},"excerpt":{"rendered":"<p>TUYAU DE CUIVRE PULV\u00c9RIS\u00c9<\/p>","protected":false},"featured_media":3312,"template":"","meta":{"_uag_custom_page_level_css":"","site-sidebar-layout":"default","site-content-layout":"","ast-site-content-layout":"default","site-content-style":"default","site-sidebar-style":"default","ast-global-header-display":"","ast-banner-title-visibility":"","ast-main-header-display":"","ast-hfb-above-header-display":"","ast-hfb-below-header-display":"","ast-hfb-mobile-header-display":"","site-post-title":"","ast-breadcrumbs-content":"","ast-featured-img":"","footer-sml-layout":"","theme-transparent-header-meta":"default","adv-header-id-meta":"","stick-header-meta":"","header-above-stick-meta":"","header-main-stick-meta":"","header-below-stick-meta":"","astra-migrate-meta-layouts":"set","ast-page-background-enabled":"default","ast-page-background-meta":{"desktop":{"background-color":"","background-image":"","background-repeat":"repeat","background-position":"center center","background-size":"auto","background-attachment":"scroll","background-type":"","background-media":"","overlay-type":"","overlay-color":"","overlay-opacity":"","overlay-gradient":""},"tablet":{"background-color":"","background-image":"","background-repeat":"repeat","background-position":"center center","background-size":"auto","background-attachment":"scroll","background-type":"","background-media":"","overlay-type":"","overlay-color":"","overlay-opacity":"","overlay-gradient":""},"mobile":{"background-color":"","background-image":"","background-repeat":"repeat","background-position":"center center","background-size":"auto","background-attachment":"scroll","background-type":"","background-media":"","overlay-type":"","overlay-color":"","overlay-opacity":"","overlay-gradient":""}},"ast-content-background-meta":{"desktop":{"background-color":"var(--ast-global-color-5)","background-image":"","background-repeat":"repeat","background-position":"center center","background-size":"auto","background-attachment":"scroll","background-type":"","background-media":"","overlay-type":"","overlay-color":"","overlay-opacity":"","overlay-gradient":""},"tablet":{"background-color":"var(--ast-global-color-5)","background-image":"","background-repeat":"repeat","background-position":"center center","background-size":"auto","background-attachment":"scroll","background-type":"","background-media":"","overlay-type":"","overlay-color":"","overlay-opacity":"","overlay-gradient":""},"mobile":{"background-color":"var(--ast-global-color-5)","background-image":"","background-repeat":"repeat","background-position":"center center","background-size":"auto","background-attachment":"scroll","background-type":"","background-media":"","overlay-type":"","overlay-color":"","overlay-opacity":"","overlay-gradient":""}}},"product_brand":[],"product_cat":[27],"product_tag":[],"class_list":{"0":"post-3310","1":"product","2":"type-product","3":"status-publish","4":"has-post-thumbnail","6":"product_cat-special-performance-series","7":"pa_colour-redgreen-blue-black","8":"pa_net-weight-230g","9":"pa_speciffcation-450mlx12-cans-box","10":"desktop-align-left","11":"tablet-align-left","12":"mobile-align-left","13":"ast-product-gallery-layout-vertical-slider","14":"ast-magnify-disabled","15":"ast-product-tabs-layout-horizontal","17":"first","18":"instock","19":"shipping-taxable","20":"product-type-simple"},"spectra_custom_meta":{"_uabb_version":["1.36.2"],"_edit_last":["1"],"_edit_lock":["1741698241:1"],"total_sales":["0"],"_tax_status":["taxable"],"_tax_class":[""],"_manage_stock":["no"],"_backorders":["no"],"_sold_individually":["no"],"_virtual":["no"],"_downloadable":["no"],"_download_limit":["-1"],"_download_expiry":["-1"],"_stock":[null],"_stock_status":["instock"],"_wc_average_rating":["0"],"_wc_review_count":["0"],"_product_attributes":["a:4:{s:16:\"pa_speciffcation\";a:6:{s:4:\"name\";s:16:\"pa_speciffcation\";s:5:\"value\";s:0:\"\";s:8:\"position\";i:0;s:10:\"is_visible\";i:1;s:12:\"is_variation\";i:0;s:11:\"is_taxonomy\";i:1;}s:13:\"pa_net-weight\";a:6:{s:4:\"name\";s:13:\"pa_net-weight\";s:5:\"value\";s:0:\"\";s:8:\"position\";i:1;s:10:\"is_visible\";i:1;s:12:\"is_variation\";i:0;s:11:\"is_taxonomy\";i:1;}s:13:\"pa_model-type\";a:6:{s:4:\"name\";s:13:\"pa_model-type\";s:5:\"value\";s:0:\"\";s:8:\"position\";i:2;s:10:\"is_visible\";i:1;s:12:\"is_variation\";i:0;s:11:\"is_taxonomy\";i:1;}s:9:\"pa_colour\";a:6:{s:4:\"name\";s:9:\"pa_colour\";s:5:\"value\";s:0:\"\";s:8:\"position\";i:3;s:10:\"is_visible\";i:1;s:12:\"is_variation\";i:0;s:11:\"is_taxonomy\";i:1;}}"],"_product_version":["9.7.1"],"_thumbnail_id":["3312"],"_product_image_gallery":["3315,3311,3314"],"site-sidebar-layout":["default"],"ast-site-content-layout":["default"],"site-content-style":["default"],"site-sidebar-style":["default"],"theme-transparent-header-meta":["default"],"astra-migrate-meta-layouts":["set"],"_uag_page_assets":["a:9:{s:3:\"css\";s:263:\".uag-blocks-common-selector{z-index:var(--z-index-desktop) !important}@media (max-width: 976px){.uag-blocks-common-selector{z-index:var(--z-index-tablet) !important}}@media (max-width: 767px){.uag-blocks-common-selector{z-index:var(--z-index-mobile) !important}}\n\";s:2:\"js\";s:0:\"\";s:18:\"current_block_list\";a:7:{i:0;s:11:\"core\/search\";i:1;s:10:\"core\/group\";i:2;s:12:\"core\/heading\";i:3;s:17:\"core\/latest-posts\";i:4;s:20:\"core\/latest-comments\";i:5;s:13:\"core\/archives\";i:6;s:15:\"core\/categories\";}s:8:\"uag_flag\";b:0;s:11:\"uag_version\";s:10:\"1775292912\";s:6:\"gfonts\";a:0:{}s:10:\"gfonts_url\";s:0:\"\";s:12:\"gfonts_files\";a:0:{}s:14:\"uag_faq_layout\";b:0;}"],"_elementor_page_assets":["a:0:{}"],"_uag_css_file_name":["uag-css-3310.css"]},"uagb_featured_image_src":{"full":["https:\/\/www.hosenhk.com\/wp-content\/uploads\/2025\/03\/COPPER-PIPE-SPRAY-6.jpg",750,750,false],"thumbnail":["https:\/\/www.hosenhk.com\/wp-content\/uploads\/2025\/03\/COPPER-PIPE-SPRAY-6-150x150.jpg",150,150,true],"medium":["https:\/\/www.hosenhk.com\/wp-content\/uploads\/2025\/03\/COPPER-PIPE-SPRAY-6-300x300.jpg",300,300,true],"medium_large":["https:\/\/www.hosenhk.com\/wp-content\/uploads\/2025\/03\/COPPER-PIPE-SPRAY-6.jpg",750,750,false],"large":["https:\/\/www.hosenhk.com\/wp-content\/uploads\/2025\/03\/COPPER-PIPE-SPRAY-6.jpg",750,750,false],"1536x1536":["https:\/\/www.hosenhk.com\/wp-content\/uploads\/2025\/03\/COPPER-PIPE-SPRAY-6.jpg",750,750,false],"2048x2048":["https:\/\/www.hosenhk.com\/wp-content\/uploads\/2025\/03\/COPPER-PIPE-SPRAY-6.jpg",750,750,false],"trp-custom-language-flag":["https:\/\/www.hosenhk.com\/wp-content\/uploads\/2025\/03\/COPPER-PIPE-SPRAY-6.jpg",12,12,false],"woocommerce_thumbnail":["https:\/\/www.hosenhk.com\/wp-content\/uploads\/2025\/03\/COPPER-PIPE-SPRAY-6-600x600.jpg",600,600,true],"woocommerce_single":["https:\/\/www.hosenhk.com\/wp-content\/uploads\/2025\/03\/COPPER-PIPE-SPRAY-6-600x600.jpg",600,600,true],"woocommerce_gallery_thumbnail":["https:\/\/www.hosenhk.com\/wp-content\/uploads\/2025\/03\/COPPER-PIPE-SPRAY-6-100x100.jpg",100,100,true]},"uagb_author_info":{"display_name":"hosenmarketing","author_link":"https:\/\/www.hosenhk.com\/fr\/author\/"},"uagb_comment_info":0,"uagb_excerpt":"COPPER PIPE SPRAY","_links":{"self":[{"href":"https:\/\/www.hosenhk.com\/fr\/wp-json\/wp\/v2\/product\/3310","targetHints":{"allow":["GET"]}}],"collection":[{"href":"https:\/\/www.hosenhk.com\/fr\/wp-json\/wp\/v2\/product"}],"about":[{"href":"https:\/\/www.hosenhk.com\/fr\/wp-json\/wp\/v2\/types\/product"}],"wp:featuredmedia":[{"embeddable":true,"href":"https:\/\/www.hosenhk.com\/fr\/wp-json\/wp\/v2\/media\/3312"}],"wp:attachment":[{"href":"https:\/\/www.hosenhk.com\/fr\/wp-json\/wp\/v2\/media?parent=3310"}],"wp:term":[{"taxonomy":"product_brand","embeddable":true,"href":"https:\/\/www.hosenhk.com\/fr\/wp-json\/wp\/v2\/product_brand?post=3310"},{"taxonomy":"product_cat","embeddable":true,"href":"https:\/\/www.hosenhk.com\/fr\/wp-json\/wp\/v2\/product_cat?post=3310"},{"taxonomy":"product_tag","embeddable":true,"href":"https:\/\/www.hosenhk.com\/fr\/wp-json\/wp\/v2\/product_tag?post=3310"}],"curies":[{"name":"wp","href":"https:\/\/api.w.org\/{rel}","templated":true}]}}